{"id":72,"date":"2023-01-24T13:20:07","date_gmt":"2023-01-24T13:20:07","guid":{"rendered":"https:\/\/wirtschaftsingenieurwesen.de\/?page_id=72"},"modified":"2025-07-16T12:52:30","modified_gmt":"2025-07-16T10:52:30","slug":"impressum-alt","status":"publish","type":"page","link":"https:\/\/wirtschaftsingenieurwesen.de\/ffbtwi\/impressum-alt\/","title":{"rendered":"Impressum"},"content":{"rendered":"<div class=\"aligncenter wp-block-site-logo\"><a href=\"https:\/\/wirtschaftsingenieurwesen.de\/ffbtwi\/\" class=\"custom-logo-link\" rel=\"home\"><img decoding=\"async\" width=\"100\" height=\"100\" src=\"https:\/\/wirtschaftsingenieurwesen.de\/wp-content\/uploads\/2023\/01\/FFBT_WI_Logo.jpg\" class=\"custom-logo\" alt=\"FFBT WI\" srcset=\"https:\/\/wirtschaftsingenieurwesen.de\/wp-content\/uploads\/2023\/01\/FFBT_WI_Logo.jpg 554w, https:\/\/wirtschaftsingenieurwesen.de\/wp-content\/uploads\/2023\/01\/FFBT_WI_Logo-298x300.jpg 298w, https:\/\/wirtschaftsingenieurwesen.de\/wp-content\/uploads\/2023\/01\/FFBT_WI_Logo-150x150.jpg 150w\" sizes=\"(max-width: 100px) 100vw, 100px\" \/><\/a><\/div>\n\n<nav class=\"is-responsive items-justified-center no-wrap wp-block-navigation is-content-justification-center is-nowrap is-layout-flex wp-container-core-navigation-is-layout-12a27398 wp-block-navigation-is-layout-flex\" aria-label=\"Hauptnavigation FFBT\" \n\t\t data-wp-interactive=\"core\/navigation\" data-wp-context='{\"overlayOpenedBy\":{\"click\":false,\"hover\":false,\"focus\":false},\"type\":\"overlay\",\"roleAttribute\":\"\",\"ariaLabel\":\"Men\\u00fc\"}'><button aria-haspopup=\"dialog\" aria-label=\"Men\u00fc \u00f6ffnen\" class=\"wp-block-navigation__responsive-container-open\" \n\t\t\t\tdata-wp-on--click=\"actions.openMenuOnClick\"\n\t\t\t\tdata-wp-on--keydown=\"actions.handleMenuKeydown\"\n\t\t\t><svg width=\"24\" height=\"24\" xmlns=\"http:\/\/www.w3.org\/2000\/svg\" viewBox=\"0 0 24 24\"><path d=\"M5 5v1.5h14V5H5z\"><\/path><path d=\"M5 12.8h14v-1.5H5v1.5z\"><\/path><path d=\"M5 19h14v-1.5H5V19z\"><\/path><\/svg><\/button>\n\t\t\t\t<div class=\"wp-block-navigation__responsive-container\"  id=\"modal-1\" \n\t\t\t\tdata-wp-class--has-modal-open=\"state.isMenuOpen\"\n\t\t\t\tdata-wp-class--is-menu-open=\"state.isMenuOpen\"\n\t\t\t\tdata-wp-watch=\"callbacks.initMenu\"\n\t\t\t\tdata-wp-on--keydown=\"actions.handleMenuKeydown\"\n\t\t\t\tdata-wp-on--focusout=\"actions.handleMenuFocusout\"\n\t\t\t\ttabindex=\"-1\"\n\t\t\t>\n\t\t\t\t\t<div class=\"wp-block-navigation__responsive-close\" tabindex=\"-1\">\n\t\t\t\t\t\t<div class=\"wp-block-navigation__responsive-dialog\" \n\t\t\t\tdata-wp-bind--aria-modal=\"state.ariaModal\"\n\t\t\t\tdata-wp-bind--aria-label=\"state.ariaLabel\"\n\t\t\t\tdata-wp-bind--role=\"state.roleAttribute\"\n\t\t\t>\n\t\t\t\t\t\t\t<button aria-label=\"Men\u00fc schlie\u00dfen\" class=\"wp-block-navigation__responsive-container-close\" \n\t\t\t\tdata-wp-on--click=\"actions.closeMenuOnClick\"\n\t\t\t><svg xmlns=\"http:\/\/www.w3.org\/2000\/svg\" viewBox=\"0 0 24 24\" width=\"24\" height=\"24\" aria-hidden=\"true\" focusable=\"false\"><path d=\"m13.06 12 6.47-6.47-1.06-1.06L12 10.94 5.53 4.47 4.47 5.53 10.94 12l-6.47 6.47 1.06 1.06L12 13.06l6.47 6.47 1.06-1.06L13.06 12Z\"><\/path><\/svg><\/button>\n\t\t\t\t\t\t\t<div class=\"wp-block-navigation__responsive-container-content\" \n\t\t\t\tdata-wp-watch=\"callbacks.focusFirstElement\"\n\t\t\t id=\"modal-1-content\">\n\t\t\t\t\t\t\t\t<ul class=\"wp-block-navigation__container is-responsive items-justified-center no-wrap wp-block-navigation\"><li class=\" wp-block-navigation-item wp-block-navigation-link\"><a class=\"wp-block-navigation-item__content\"  href=\"https:\/\/wirtschaftsingenieurwesen.de\/willkommen-auf-http-wirtschaftsingenieurwesen-de\/?page_id=564\"><span class=\"wp-block-navigation-item__label\">Vorstand<\/span><\/a><\/li><li class=\" wp-block-navigation-item wp-block-navigation-link\"><a class=\"wp-block-navigation-item__content\"  href=\"https:\/\/wirtschaftsingenieurwesen.de\/willkommen-auf-http-wirtschaftsingenieurwesen-de\/?page_id=1675\"><span class=\"wp-block-navigation-item__label\">Mitglieder<\/span><\/a><\/li><li class=\" wp-block-navigation-item wp-block-navigation-link\"><a class=\"wp-block-navigation-item__content\"  href=\"https:\/\/wirtschaftsingenieurwesen.de\/willkommen-auf-http-wirtschaftsingenieurwesen-de\/?page_id=1497\"><span class=\"wp-block-navigation-item__label\">Fachlichkeit<\/span><\/a><\/li><li class=\" wp-block-navigation-item wp-block-navigation-link\"><a class=\"wp-block-navigation-item__content\"  href=\"https:\/\/wirtschaftsingenieurwesen.de\/willkommen-auf-http-wirtschaftsingenieurwesen-de\/?page_id=601\"><span class=\"wp-block-navigation-item__label\">QR<\/span><\/a><\/li><li class=\" wp-block-navigation-item wp-block-navigation-link\"><a class=\"wp-block-navigation-item__content\"  href=\"https:\/\/wirtschaftsingenieurwesen.de\/willkommen-auf-http-wirtschaftsingenieurwesen-de\/?page_id=1857\"><span class=\"wp-block-navigation-item__label\">Arbeitskreise<\/span><\/a><\/li><\/ul><ul class=\"wp-block-navigation__container is-responsive items-justified-center no-wrap wp-block-navigation\"><li class=\" wp-block-navigation-item wp-block-navigation-link\"><a class=\"wp-block-navigation-item__content\"  href=\"https:\/\/wirtschaftsingenieurwesen.de\/willkommen-auf-http-wirtschaftsingenieurwesen-de\/?page_id=976\"><span class=\"wp-block-navigation-item__label\">EN<\/span><\/a><\/li><\/ul>\n\t\t\t\t\t\t\t<\/div>\n\t\t\t\t\t\t<\/div>\n\t\t\t\t\t<\/div>\n\t\t\t\t<\/div><\/nav>\r\n<p>&nbsp;<\/p>\r\n\r\n<div class=\"wp-block-spacer\" style=\"height: 50px;\" aria-hidden=\"true\">\u00a0<\/div>\r\n\r\n<p>&nbsp;<\/p>\r\n\r\n<h1 class=\"wp-block-heading has-text-color\" style=\"color: #ff7f00;\">Impressum<\/h1>\r\n\r\n\r\n\r\n<p>FFBT Wirtschaftsingenieurwesen e.V.<br \/>Prof. Uwe Dittmann<br \/>Tiefenbronner Str. 66<br \/>75175 Pforzheim<br \/>Deutschland<\/p>\r\n\r\n\r\n\r\n<p><mark class=\"has-inline-color\" style=\"background-color: #fef7ac;\">E-Mail: uwe.dittmann@hs-pforzheim.de<\/mark><\/p>\r\n\r\n\r\n\r\n<p>Trotz sorgf\u00e4ltiger inhaltlicher Kontrolle \u00fcbernehmen wir keine Haftung f\u00fcr die Inhalte externer Links. F\u00fcr den Inhalt der verlinkten Seiten sind ausschlie\u00dflich deren Betreiber verantwortlich. Alle hier verwendeten Namen, Begriffe, Zeichen und Grafiken k\u00f6nnen Marken- oder Warenzeichen im Besitze ihrer rechtlichen Eigent\u00fcmer sein. Die Rechte aller erw\u00e4hnten und benutzten Marken- und Warenzeichen liegen ausschlie\u00dflich bei deren Besitzern.<\/p>\r\n\r\n\r\n\r\n<div class=\"wp-block-spacer\" style=\"height: 30px;\" aria-hidden=\"true\">\u00a0<\/div>\r\n\r\n\r\n\n<div class=\"wp-block-group alignfull has-background-color has-white-color has-text-color has-background has-link-color wp-elements-53df8f42690622d0bea124024843a2b6 is-vertical is-content-justification-stretch is-layout-flex wp-container-core-group-is-layout-c04ad3d6 wp-block-group-is-layout-flex\" style=\"border-style:none;border-width:0px;border-radius:0px;background-color:#384a4a8a;min-height:30vh;margin-top:0;margin-bottom:0;padding-top:var(--wp--preset--spacing--60);padding-right:var(--wp--preset--spacing--40);padding-bottom:var(--wp--preset--spacing--60);padding-left:var(--wp--preset--spacing--40)\">\n<div class=\"wp-block-columns alignwide are-vertically-aligned-top has-small-font-size is-layout-flex wp-container-core-columns-is-layout-28f84493 wp-block-columns-is-layout-flex\">\n<div class=\"wp-block-column is-vertically-aligned-top is-layout-flow wp-block-column-is-layout-flow\">\n<p class=\"has-text-align-center has-small-font-size\">Kontaktadresse<\/p>\n\n\n\n<p class=\"has-text-align-center has-small-font-size\">FFBT WI e.V.<br>Prof. Uwe Dittmann<br>Tiefenbronner Str. 66<br>75175 Pforzheim<br><\/p>\n<\/div>\n\n\n\n<div class=\"wp-block-column is-vertically-aligned-top is-layout-flow wp-block-column-is-layout-flow\">\n<p class=\"has-text-align-center has-small-font-size\">Rechtliches und Kontakt<\/p>\n\n\n<nav class=\"items-justified-center is-vertical no-wrap wp-block-navigation is-content-justification-center is-nowrap is-layout-flex wp-container-core-navigation-is-layout-34a3ecb2 wp-block-navigation-is-layout-flex\" aria-label=\"Navigation 5\"><ul class=\"wp-block-navigation__container items-justified-center is-vertical no-wrap wp-block-navigation\"><li class=\" wp-block-navigation-item wp-block-navigation-link\"><a class=\"wp-block-navigation-item__content\"  href=\"https:\/\/wirtschaftsingenieurwesen.de\/willkommen-auf-http-wirtschaftsingenieurwesen-de\/?page_id=72\"><span class=\"wp-block-navigation-item__label\">Impressum<\/span><\/a><\/li><li class=\" wp-block-navigation-item wp-block-navigation-link\"><a class=\"wp-block-navigation-item__content\"  href=\"https:\/\/wirtschaftsingenieurwesen.de\/willkommen-auf-http-wirtschaftsingenieurwesen-de\/?page_id=531\"><span class=\"wp-block-navigation-item__label\">Kontakt<\/span><\/a><\/li><li class=\" wp-block-navigation-item wp-block-navigation-link\"><a class=\"wp-block-navigation-item__content\"  href=\"https:\/\/wirtschaftsingenieurwesen.de\/willkommen-auf-http-wirtschaftsingenieurwesen-de\/?page_id=199&#038;lang=en\"><span class=\"wp-block-navigation-item__label\">Datenschutz<\/span><\/a><\/li><\/ul><\/nav><\/div>\n\n\n\n<div class=\"wp-block-column is-vertically-aligned-top is-layout-flow wp-block-column-is-layout-flow\">\n<p class=\"has-text-align-center has-small-font-size\"><\/p>\n\n\n\n<div class=\"wp-block-group is-vertical is-content-justification-left is-layout-flex wp-container-core-group-is-layout-32091062 wp-block-group-is-layout-flex\">\n<p class=\"has-text-align-right\"><\/p>\n<\/div>\n<\/div>\n<\/div>\n\n\n\n<div class=\"wp-block-columns is-layout-flex wp-container-core-columns-is-layout-28f84493 wp-block-columns-is-layout-flex\">\n<div class=\"wp-block-column is-layout-flow wp-block-column-is-layout-flow\"><p class=\"has-text-align-center wp-block-site-tagline has-small-font-size\">Fakult\u00e4ten- und Fachbereichstag Wirtschaftsingenieurwesen e.V.<\/p><\/div>\n<\/div>\n<\/div>\n","protected":false},"excerpt":{"rendered":"<p>&nbsp; &nbsp; Impressum FFBT Wirtschaftsingenieurwesen e.V.Prof. Uwe DittmannTiefenbronner Str. 6675175 PforzheimDeutschland E-Mail: uwe.dittmann@hs-pforzheim.de Trotz sorgf\u00e4ltiger inhaltlicher Kontrolle \u00fcbernehmen wir keine Haftung f\u00fcr [&hellip;]<\/p>\n","protected":false},"author":1,"featured_media":0,"parent":0,"menu_order":0,"comment_status":"closed","ping_status":"closed","template":"","meta":{"footnotes":""},"class_list":["post-72","page","type-page","status-publish","hentry"],"_links":{"self":[{"href":"https:\/\/wirtschaftsingenieurwesen.de\/ffbtwi\/wp-json\/wp\/v2\/pages\/72","targetHints":{"allow":["GET"]}}],"collection":[{"href":"https:\/\/wirtschaftsingenieurwesen.de\/ffbtwi\/wp-json\/wp\/v2\/pages"}],"about":[{"href":"https:\/\/wirtschaftsingenieurwesen.de\/ffbtwi\/wp-json\/wp\/v2\/types\/page"}],"author":[{"embeddable":true,"href":"https:\/\/wirtschaftsingenieurwesen.de\/ffbtwi\/wp-json\/wp\/v2\/users\/1"}],"replies":[{"embeddable":true,"href":"https:\/\/wirtschaftsingenieurwesen.de\/ffbtwi\/wp-json\/wp\/v2\/comments?post=72"}],"version-history":[{"count":60,"href":"https:\/\/wirtschaftsingenieurwesen.de\/ffbtwi\/wp-json\/wp\/v2\/pages\/72\/revisions"}],"predecessor-version":[{"id":2558,"href":"https:\/\/wirtschaftsingenieurwesen.de\/ffbtwi\/wp-json\/wp\/v2\/pages\/72\/revisions\/2558"}],"wp:attachment":[{"href":"https:\/\/wirtschaftsingenieurwesen.de\/ffbtwi\/wp-json\/wp\/v2\/media?parent=72"}],"curies":[{"name":"wp","href":"https:\/\/api.w.org\/{rel}","templated":true}]}}