{"id":601,"date":"2023-03-17T14:36:13","date_gmt":"2023-03-17T14:36:13","guid":{"rendered":"https:\/\/wirtschaftsingenieurwesen.de\/willkommen-auf-http-wirtschaftsingenieurwesen-de\/?page_id=601"},"modified":"2025-07-16T11:47:43","modified_gmt":"2025-07-16T09:47:43","slug":"qualifikationsrahmen-alt","status":"publish","type":"page","link":"https:\/\/wirtschaftsingenieurwesen.de\/ffbtwi\/qualifikationsrahmen-alt\/","title":{"rendered":"Qualifikationsrahmen Alt"},"content":{"rendered":"<div class=\"aligncenter wp-block-site-logo\"><a href=\"https:\/\/wirtschaftsingenieurwesen.de\/ffbtwi\/\" class=\"custom-logo-link\" rel=\"home\"><img decoding=\"async\" width=\"100\" height=\"100\" src=\"https:\/\/wirtschaftsingenieurwesen.de\/wp-content\/uploads\/2023\/01\/FFBT_WI_Logo.jpg\" class=\"custom-logo\" alt=\"FFBT WI\" srcset=\"https:\/\/wirtschaftsingenieurwesen.de\/wp-content\/uploads\/2023\/01\/FFBT_WI_Logo.jpg 554w, https:\/\/wirtschaftsingenieurwesen.de\/wp-content\/uploads\/2023\/01\/FFBT_WI_Logo-298x300.jpg 298w, https:\/\/wirtschaftsingenieurwesen.de\/wp-content\/uploads\/2023\/01\/FFBT_WI_Logo-150x150.jpg 150w\" sizes=\"(max-width: 100px) 100vw, 100px\" \/><\/a><\/div>\n\n<nav class=\"is-responsive items-justified-center no-wrap wp-block-navigation is-content-justification-center is-nowrap is-layout-flex wp-container-core-navigation-is-layout-12a27398 wp-block-navigation-is-layout-flex\" aria-label=\"Hauptnavigation FFBT\" \n\t\t data-wp-interactive=\"core\/navigation\" data-wp-context='{\"overlayOpenedBy\":{\"click\":false,\"hover\":false,\"focus\":false},\"type\":\"overlay\",\"roleAttribute\":\"\",\"ariaLabel\":\"Men\\u00fc\"}'><button aria-haspopup=\"dialog\" aria-label=\"Men\u00fc \u00f6ffnen\" class=\"wp-block-navigation__responsive-container-open\" \n\t\t\t\tdata-wp-on--click=\"actions.openMenuOnClick\"\n\t\t\t\tdata-wp-on--keydown=\"actions.handleMenuKeydown\"\n\t\t\t><svg width=\"24\" height=\"24\" xmlns=\"http:\/\/www.w3.org\/2000\/svg\" viewBox=\"0 0 24 24\"><path d=\"M5 5v1.5h14V5H5z\"><\/path><path d=\"M5 12.8h14v-1.5H5v1.5z\"><\/path><path d=\"M5 19h14v-1.5H5V19z\"><\/path><\/svg><\/button>\n\t\t\t\t<div class=\"wp-block-navigation__responsive-container\"  id=\"modal-1\" \n\t\t\t\tdata-wp-class--has-modal-open=\"state.isMenuOpen\"\n\t\t\t\tdata-wp-class--is-menu-open=\"state.isMenuOpen\"\n\t\t\t\tdata-wp-watch=\"callbacks.initMenu\"\n\t\t\t\tdata-wp-on--keydown=\"actions.handleMenuKeydown\"\n\t\t\t\tdata-wp-on--focusout=\"actions.handleMenuFocusout\"\n\t\t\t\ttabindex=\"-1\"\n\t\t\t>\n\t\t\t\t\t<div class=\"wp-block-navigation__responsive-close\" tabindex=\"-1\">\n\t\t\t\t\t\t<div class=\"wp-block-navigation__responsive-dialog\" \n\t\t\t\tdata-wp-bind--aria-modal=\"state.ariaModal\"\n\t\t\t\tdata-wp-bind--aria-label=\"state.ariaLabel\"\n\t\t\t\tdata-wp-bind--role=\"state.roleAttribute\"\n\t\t\t>\n\t\t\t\t\t\t\t<button aria-label=\"Men\u00fc schlie\u00dfen\" class=\"wp-block-navigation__responsive-container-close\" \n\t\t\t\tdata-wp-on--click=\"actions.closeMenuOnClick\"\n\t\t\t><svg xmlns=\"http:\/\/www.w3.org\/2000\/svg\" viewBox=\"0 0 24 24\" width=\"24\" height=\"24\" aria-hidden=\"true\" focusable=\"false\"><path d=\"m13.06 12 6.47-6.47-1.06-1.06L12 10.94 5.53 4.47 4.47 5.53 10.94 12l-6.47 6.47 1.06 1.06L12 13.06l6.47 6.47 1.06-1.06L13.06 12Z\"><\/path><\/svg><\/button>\n\t\t\t\t\t\t\t<div class=\"wp-block-navigation__responsive-container-content\" \n\t\t\t\tdata-wp-watch=\"callbacks.focusFirstElement\"\n\t\t\t id=\"modal-1-content\">\n\t\t\t\t\t\t\t\t<ul class=\"wp-block-navigation__container is-responsive items-justified-center no-wrap wp-block-navigation\"><li class=\" wp-block-navigation-item wp-block-navigation-link\"><a class=\"wp-block-navigation-item__content\"  href=\"https:\/\/wirtschaftsingenieurwesen.de\/willkommen-auf-http-wirtschaftsingenieurwesen-de\/?page_id=564\"><span class=\"wp-block-navigation-item__label\">Vorstand<\/span><\/a><\/li><li class=\" wp-block-navigation-item wp-block-navigation-link\"><a class=\"wp-block-navigation-item__content\"  href=\"https:\/\/wirtschaftsingenieurwesen.de\/willkommen-auf-http-wirtschaftsingenieurwesen-de\/?page_id=1675\"><span class=\"wp-block-navigation-item__label\">Mitglieder<\/span><\/a><\/li><li class=\" wp-block-navigation-item wp-block-navigation-link\"><a class=\"wp-block-navigation-item__content\"  href=\"https:\/\/wirtschaftsingenieurwesen.de\/willkommen-auf-http-wirtschaftsingenieurwesen-de\/?page_id=1497\"><span class=\"wp-block-navigation-item__label\">Fachlichkeit<\/span><\/a><\/li><li class=\" wp-block-navigation-item wp-block-navigation-link\"><a class=\"wp-block-navigation-item__content\"  href=\"https:\/\/wirtschaftsingenieurwesen.de\/willkommen-auf-http-wirtschaftsingenieurwesen-de\/?page_id=601\"><span class=\"wp-block-navigation-item__label\">QR<\/span><\/a><\/li><li class=\" wp-block-navigation-item wp-block-navigation-link\"><a class=\"wp-block-navigation-item__content\"  href=\"https:\/\/wirtschaftsingenieurwesen.de\/willkommen-auf-http-wirtschaftsingenieurwesen-de\/?page_id=1857\"><span class=\"wp-block-navigation-item__label\">Arbeitskreise<\/span><\/a><\/li><\/ul><ul class=\"wp-block-navigation__container is-responsive items-justified-center no-wrap wp-block-navigation\"><li class=\" wp-block-navigation-item wp-block-navigation-link\"><a class=\"wp-block-navigation-item__content\"  href=\"https:\/\/wirtschaftsingenieurwesen.de\/willkommen-auf-http-wirtschaftsingenieurwesen-de\/?page_id=976\"><span class=\"wp-block-navigation-item__label\">EN<\/span><\/a><\/li><\/ul>\n\t\t\t\t\t\t\t<\/div>\n\t\t\t\t\t\t<\/div>\n\t\t\t\t\t<\/div>\n\t\t\t\t<\/div><\/nav>\r\n\r\n\r\n<div class=\"wp-block-spacer\" style=\"height: 50px;\" aria-hidden=\"true\">\u00a0<\/div>\r\n\r\n\r\n\n<h1 class=\"wp-block-heading has-text-color\" style=\"color:#ff7f00\">Zielsetzung und Historie<\/h1>\n\n\n\n<p><\/p>\n\n\n\n<h2 class=\"wp-block-heading\">Gesetzte Standards in der Lehre<\/h2>\n\n\n\n<p>Der Arbeitskreis G\u00fctesiegel\/Qualifikationsrahmen hat das Ziel der Erarbeitung eines Leitfadens im Sinne eines Qualit\u00e4tssicherungsinstruments, das sowohl auf nationaler als auch auf internationaler Ebene zum Einsatz kommen soll. Anhand dieses Instruments wird die systematische Konzeption von Studienprogrammen, Modulen und Studieninhalten wirtschaftsingenieurwissenschaftlicher Studieng\u00e4nge unterst\u00fctzt.<\/p>\n\n\n\n<p>Im Jahr 2012 wurde der Fachqualifikationsrahmen gemeinsam mit dem <a href=\"https:\/\/vwi.org\/\" target=\"_blank\" rel=\"noreferrer noopener\">Verband Deutscher Wirtschaftsingenieure (VWI)<\/a> erarbeitet und erstmalig ver\u00f6ffentlicht. Eine \u00fcberarbeitete zweite Auflage wurde im Jahr 2014 publiziert.<\/p>\n\n\n\n<p><\/p>\n\n\n\n<div style=\"height:20px\" aria-hidden=\"true\" class=\"wp-block-spacer\"><\/div>\n\n\n\n<h2 class=\"wp-block-heading\">Internationale Ausrichtung des Qualifikationsrahmens<\/h2>\n\n\n\n<p>Am 18. Juni 2019 wurde die dritte \u00fcberarbeitete Fassung des Qualifikationsrahmens Wirtschaftsingenieurwesen ver\u00f6ffentlicht. Neben einer fachlichen \u00dcberarbeitung wurde das bestehende Konzept um die Output-Orientierung erweitert. Es wurden nicht mehr nur die inhaltlichen Inputs ins Blickfeld ger\u00fcckt, sondern insbesondere das erw\u00fcnschte Ergebnis, d.h. die Kompetenzen, die Studierende erwerben sollen.<br><br>Im Dezember 2021 wurde eine englischsprachige Fassung ver\u00f6ffentlicht, die auch international zur Sicherung des Qualit\u00e4tsstandards beitragen und gleichzeitig das erfolgreiche Konzept des Wirtschaftsingenieurwesens international bekannter machen soll. Dadurch soll der Austausch mit dem europ\u00e4ischen Ausland und dar\u00fcber hinaus gef\u00f6rdert werden.<\/p>\n\n\n\n<div style=\"height:30px\" aria-hidden=\"true\" class=\"wp-block-spacer\"><\/div>\n\n\n\n<div class=\"wp-block-buttons is-layout-flex wp-container-core-buttons-is-layout-1c8af475 wp-block-buttons-is-layout-flex\">\n<div class=\"wp-block-button is-style-outline is-style-outline--2\"><a class=\"wp-block-button__link has-text-color wp-element-button\" href=\"https:\/\/wirtschaftsingenieurwesen.de\/wp-content\/uploads\/2023\/02\/Qualifikationsrahmen_3_Auflage_E-Book_deutsch.pdf\" style=\"color:#ff7f00\" target=\"_blank\" rel=\"noreferrer noopener\">Download QR deutsche Fassung<\/a><\/div>\n\n\n\n<div class=\"wp-block-button is-style-outline is-style-outline--3\"><a class=\"wp-block-button__link has-text-color wp-element-button\" href=\"https:\/\/wirtschaftsingenieurwesen.de\/wp-content\/uploads\/2023\/02\/Qualifikationsrahmen_2021_E-Book_englisch.pdf\" style=\"color:#ff7f00\" target=\"_blank\" rel=\"noreferrer noopener\">Download QR englische Fassung<\/a><\/div>\n<\/div>\n\n\n\n<div style=\"height:50px\" aria-hidden=\"true\" class=\"wp-block-spacer\"><\/div>\n\n\n\n<h2 class=\"wp-block-heading\">Gedruckte Ausgabe<\/h2>\n\n\n\n<p>Bestellung der gedruckten deutschen Ausgabe ist \u00fcber unsere E-Mail m\u00f6glich. Die aktuelle Ausgabe des Qualifikationsrahmens Wirtschaftsingenieurwesen ist kostenlos, Versandgeb\u00fchren fallen an.<\/p>\n\n\n\n<p>Der Arbeitskreis tagt in der Regel drei- bis viermal im Jahr. Alle Mitglieder sind eingeladen, sich an der Weiterentwicklung zu beteiligen. Bei Interesse an einer Mitwirkung bitte eine E-Mail an: info@wirtschaftsingenieurwesen.de<\/p>\n\n\n\n<div style=\"height:30px\" aria-hidden=\"true\" class=\"wp-block-spacer\"><\/div>\n\n\n\n<p><mark style=\"background-color:#fcc57c\" class=\"has-inline-color\"><\/mark><\/p>\n\n\n\n<div class=\"wp-block-group alignfull has-background-color has-white-color has-text-color has-background has-link-color wp-elements-53df8f42690622d0bea124024843a2b6 is-vertical is-content-justification-stretch is-layout-flex wp-container-core-group-is-layout-c04ad3d6 wp-block-group-is-layout-flex\" style=\"border-style:none;border-width:0px;border-radius:0px;background-color:#384a4a8a;min-height:30vh;margin-top:0;margin-bottom:0;padding-top:var(--wp--preset--spacing--60);padding-right:var(--wp--preset--spacing--40);padding-bottom:var(--wp--preset--spacing--60);padding-left:var(--wp--preset--spacing--40)\">\n<div class=\"wp-block-columns alignwide are-vertically-aligned-top has-small-font-size is-layout-flex wp-container-core-columns-is-layout-28f84493 wp-block-columns-is-layout-flex\">\n<div class=\"wp-block-column is-vertically-aligned-top is-layout-flow wp-block-column-is-layout-flow\">\n<p class=\"has-text-align-center has-small-font-size\">Kontaktadresse<\/p>\n\n\n\n<p class=\"has-text-align-center has-small-font-size\">FFBT WI e.V.<br>Prof. Uwe Dittmann<br>Tiefenbronner Str. 66<br>75175 Pforzheim<br><\/p>\n<\/div>\n\n\n\n<div class=\"wp-block-column is-vertically-aligned-top is-layout-flow wp-block-column-is-layout-flow\">\n<p class=\"has-text-align-center has-small-font-size\">Rechtliches und Kontakt<\/p>\n\n\n<nav class=\"items-justified-center is-vertical no-wrap wp-block-navigation is-content-justification-center is-nowrap is-layout-flex wp-container-core-navigation-is-layout-34a3ecb2 wp-block-navigation-is-layout-flex\" aria-label=\"Navigation 5\"><ul class=\"wp-block-navigation__container items-justified-center is-vertical no-wrap wp-block-navigation\"><li class=\" wp-block-navigation-item wp-block-navigation-link\"><a class=\"wp-block-navigation-item__content\"  href=\"https:\/\/wirtschaftsingenieurwesen.de\/willkommen-auf-http-wirtschaftsingenieurwesen-de\/?page_id=72\"><span class=\"wp-block-navigation-item__label\">Impressum<\/span><\/a><\/li><li class=\" wp-block-navigation-item wp-block-navigation-link\"><a class=\"wp-block-navigation-item__content\"  href=\"https:\/\/wirtschaftsingenieurwesen.de\/willkommen-auf-http-wirtschaftsingenieurwesen-de\/?page_id=531\"><span class=\"wp-block-navigation-item__label\">Kontakt<\/span><\/a><\/li><li class=\" wp-block-navigation-item wp-block-navigation-link\"><a class=\"wp-block-navigation-item__content\"  href=\"https:\/\/wirtschaftsingenieurwesen.de\/willkommen-auf-http-wirtschaftsingenieurwesen-de\/?page_id=199&#038;lang=en\"><span class=\"wp-block-navigation-item__label\">Datenschutz<\/span><\/a><\/li><\/ul><\/nav><\/div>\n\n\n\n<div class=\"wp-block-column is-vertically-aligned-top is-layout-flow wp-block-column-is-layout-flow\">\n<p class=\"has-text-align-center has-small-font-size\"><\/p>\n\n\n\n<div class=\"wp-block-group is-vertical is-content-justification-left is-layout-flex wp-container-core-group-is-layout-32091062 wp-block-group-is-layout-flex\">\n<p class=\"has-text-align-right\"><\/p>\n<\/div>\n<\/div>\n<\/div>\n\n\n\n<div class=\"wp-block-columns is-layout-flex wp-container-core-columns-is-layout-28f84493 wp-block-columns-is-layout-flex\">\n<div class=\"wp-block-column is-layout-flow wp-block-column-is-layout-flow\"><p class=\"has-text-align-center wp-block-site-tagline has-small-font-size\">Fakult\u00e4ten- und Fachbereichstag Wirtschaftsingenieurwesen e.V.<\/p><\/div>\n<\/div>\n<\/div>\n","protected":false},"excerpt":{"rendered":"","protected":false},"author":1,"featured_media":0,"parent":0,"menu_order":0,"comment_status":"closed","ping_status":"closed","template":"","meta":{"footnotes":""},"class_list":["post-601","page","type-page","status-publish","hentry"],"_links":{"self":[{"href":"https:\/\/wirtschaftsingenieurwesen.de\/ffbtwi\/wp-json\/wp\/v2\/pages\/601","targetHints":{"allow":["GET"]}}],"collection":[{"href":"https:\/\/wirtschaftsingenieurwesen.de\/ffbtwi\/wp-json\/wp\/v2\/pages"}],"about":[{"href":"https:\/\/wirtschaftsingenieurwesen.de\/ffbtwi\/wp-json\/wp\/v2\/types\/page"}],"author":[{"embeddable":true,"href":"https:\/\/wirtschaftsingenieurwesen.de\/ffbtwi\/wp-json\/wp\/v2\/users\/1"}],"replies":[{"embeddable":true,"href":"https:\/\/wirtschaftsingenieurwesen.de\/ffbtwi\/wp-json\/wp\/v2\/comments?post=601"}],"version-history":[{"count":31,"href":"https:\/\/wirtschaftsingenieurwesen.de\/ffbtwi\/wp-json\/wp\/v2\/pages\/601\/revisions"}],"predecessor-version":[{"id":2533,"href":"https:\/\/wirtschaftsingenieurwesen.de\/ffbtwi\/wp-json\/wp\/v2\/pages\/601\/revisions\/2533"}],"wp:attachment":[{"href":"https:\/\/wirtschaftsingenieurwesen.de\/ffbtwi\/wp-json\/wp\/v2\/media?parent=601"}],"curies":[{"name":"wp","href":"https:\/\/api.w.org\/{rel}","templated":true}]}}