{"id":2559,"date":"2025-07-16T12:52:52","date_gmt":"2025-07-16T10:52:52","guid":{"rendered":"https:\/\/wirtschaftsingenieurwesen.de\/ffbtwi\/?page_id=2559"},"modified":"2025-07-16T12:52:52","modified_gmt":"2025-07-16T10:52:52","slug":"impressum","status":"publish","type":"page","link":"https:\/\/wirtschaftsingenieurwesen.de\/ffbtwi\/impressum\/","title":{"rendered":"Impressum"},"content":{"rendered":"<p>FFBT Wirtschaftsingenieurwesen e.V.<br \/>\nProf. Uwe Dittmann<br \/>\nTiefenbronner Str. 66<br \/>\n75175 Pforzheim<br \/>\nDeutschland<\/p>\n<p><mark class=\"has-inline-color\">E-Mail: uwe.dittmann@hs-pforzheim.de<\/mark><\/p>\n<p>Trotz sorgf\u00e4ltiger inhaltlicher Kontrolle \u00fcbernehmen wir keine Haftung f\u00fcr die Inhalte externer Links. F\u00fcr den Inhalt der verlinkten Seiten sind ausschlie\u00dflich deren Betreiber verantwortlich. Alle hier verwendeten Namen, Begriffe, Zeichen und Grafiken k\u00f6nnen Marken- oder Warenzeichen im Besitze ihrer rechtlichen Eigent\u00fcmer sein. Die Rechte aller erw\u00e4hnten und benutzten Marken- und Warenzeichen liegen ausschlie\u00dflich bei deren Besitzern.<\/p>\n","protected":false},"excerpt":{"rendered":"<p>FFBT Wirtschaftsingenieurwesen e.V. Prof. Uwe Dittmann Tiefenbronner Str. 66 75175 Pforzheim Deutschland E-Mail: uwe.dittmann@hs-pforzheim.de Trotz sorgf\u00e4ltiger inhaltlicher Kontrolle \u00fcbernehmen wir keine Haftung [&hellip;]<\/p>\n","protected":false},"author":1,"featured_media":0,"parent":0,"menu_order":0,"comment_status":"closed","ping_status":"closed","template":"","meta":{"footnotes":""},"class_list":["post-2559","page","type-page","status-publish","hentry"],"_links":{"self":[{"href":"https:\/\/wirtschaftsingenieurwesen.de\/ffbtwi\/wp-json\/wp\/v2\/pages\/2559","targetHints":{"allow":["GET"]}}],"collection":[{"href":"https:\/\/wirtschaftsingenieurwesen.de\/ffbtwi\/wp-json\/wp\/v2\/pages"}],"about":[{"href":"https:\/\/wirtschaftsingenieurwesen.de\/ffbtwi\/wp-json\/wp\/v2\/types\/page"}],"author":[{"embeddable":true,"href":"https:\/\/wirtschaftsingenieurwesen.de\/ffbtwi\/wp-json\/wp\/v2\/users\/1"}],"replies":[{"embeddable":true,"href":"https:\/\/wirtschaftsingenieurwesen.de\/ffbtwi\/wp-json\/wp\/v2\/comments?post=2559"}],"version-history":[{"count":1,"href":"https:\/\/wirtschaftsingenieurwesen.de\/ffbtwi\/wp-json\/wp\/v2\/pages\/2559\/revisions"}],"predecessor-version":[{"id":2560,"href":"https:\/\/wirtschaftsingenieurwesen.de\/ffbtwi\/wp-json\/wp\/v2\/pages\/2559\/revisions\/2560"}],"wp:attachment":[{"href":"https:\/\/wirtschaftsingenieurwesen.de\/ffbtwi\/wp-json\/wp\/v2\/media?parent=2559"}],"curies":[{"name":"wp","href":"https:\/\/api.w.org\/{rel}","templated":true}]}}