{"id":1073,"date":"2023-05-02T14:50:00","date_gmt":"2023-05-02T14:50:00","guid":{"rendered":"https:\/\/wirtschaftsingenieurwesen.de\/willkommen-auf-http-wirtschaftsingenieurwesen-de\/?page_id=1073"},"modified":"2025-01-14T12:41:03","modified_gmt":"2025-01-14T12:41:03","slug":"imprint","status":"publish","type":"page","link":"https:\/\/wirtschaftsingenieurwesen.de\/ffbtwi\/en\/imprint\/","title":{"rendered":"Imprint"},"content":{"rendered":"\n<div class=\"wp-block-group alignfull has-global-padding is-layout-constrained wp-block-group-is-layout-constrained\">\n<figure class=\"wp-block-image aligncenter size-full is-resized\"><a href=\"https:\/\/wirtschaftsingenieurwesen.de\/willkommen-auf-http-wirtschaftsingenieurwesen-de\/?page_id=976&amp;lang=en\"><img decoding=\"async\" src=\"https:\/\/wirtschaftsingenieurwesen.de\/wp-content\/uploads\/2023\/11\/Logo_ENG_Variante_4.png\" alt=\"\" class=\"wp-image-1899\" width=\"125\" height=\"125\" srcset=\"https:\/\/wirtschaftsingenieurwesen.de\/wp-content\/uploads\/2023\/11\/Logo_ENG_Variante_4.png 473w, https:\/\/wirtschaftsingenieurwesen.de\/wp-content\/uploads\/2023\/11\/Logo_ENG_Variante_4-300x300.png 300w, https:\/\/wirtschaftsingenieurwesen.de\/wp-content\/uploads\/2023\/11\/Logo_ENG_Variante_4-150x150.png 150w\" sizes=\"(max-width: 125px) 100vw, 125px\" \/><\/a><\/figure>\n\n\n<nav class=\"is-responsive items-justified-center no-wrap alignfull wp-block-navigation is-content-justification-center is-nowrap is-layout-flex wp-container-core-navigation-is-layout-23441af8 wp-block-navigation-is-layout-flex\" aria-label=\"Navigation 4\" \n\t\t data-wp-interactive=\"core\/navigation\" data-wp-context='{\"overlayOpenedBy\":{\"click\":false,\"hover\":false,\"focus\":false},\"type\":\"overlay\",\"roleAttribute\":\"\",\"ariaLabel\":\"Men\\u00fc\"}'><button aria-haspopup=\"dialog\" aria-label=\"Men\u00fc \u00f6ffnen\" class=\"wp-block-navigation__responsive-container-open\" \n\t\t\t\tdata-wp-on--click=\"actions.openMenuOnClick\"\n\t\t\t\tdata-wp-on--keydown=\"actions.handleMenuKeydown\"\n\t\t\t><svg width=\"24\" height=\"24\" xmlns=\"http:\/\/www.w3.org\/2000\/svg\" viewBox=\"0 0 24 24\"><path d=\"M5 5v1.5h14V5H5z\"><\/path><path d=\"M5 12.8h14v-1.5H5v1.5z\"><\/path><path d=\"M5 19h14v-1.5H5V19z\"><\/path><\/svg><\/button>\n\t\t\t\t<div class=\"wp-block-navigation__responsive-container\"  id=\"modal-1\" \n\t\t\t\tdata-wp-class--has-modal-open=\"state.isMenuOpen\"\n\t\t\t\tdata-wp-class--is-menu-open=\"state.isMenuOpen\"\n\t\t\t\tdata-wp-watch=\"callbacks.initMenu\"\n\t\t\t\tdata-wp-on--keydown=\"actions.handleMenuKeydown\"\n\t\t\t\tdata-wp-on--focusout=\"actions.handleMenuFocusout\"\n\t\t\t\ttabindex=\"-1\"\n\t\t\t>\n\t\t\t\t\t<div class=\"wp-block-navigation__responsive-close\" tabindex=\"-1\">\n\t\t\t\t\t\t<div class=\"wp-block-navigation__responsive-dialog\" \n\t\t\t\tdata-wp-bind--aria-modal=\"state.ariaModal\"\n\t\t\t\tdata-wp-bind--aria-label=\"state.ariaLabel\"\n\t\t\t\tdata-wp-bind--role=\"state.roleAttribute\"\n\t\t\t>\n\t\t\t\t\t\t\t<button aria-label=\"Men\u00fc schlie\u00dfen\" class=\"wp-block-navigation__responsive-container-close\" \n\t\t\t\tdata-wp-on--click=\"actions.closeMenuOnClick\"\n\t\t\t><svg xmlns=\"http:\/\/www.w3.org\/2000\/svg\" viewBox=\"0 0 24 24\" width=\"24\" height=\"24\" aria-hidden=\"true\" focusable=\"false\"><path d=\"m13.06 12 6.47-6.47-1.06-1.06L12 10.94 5.53 4.47 4.47 5.53 10.94 12l-6.47 6.47 1.06 1.06L12 13.06l6.47 6.47 1.06-1.06L13.06 12Z\"><\/path><\/svg><\/button>\n\t\t\t\t\t\t\t<div class=\"wp-block-navigation__responsive-container-content\" \n\t\t\t\tdata-wp-watch=\"callbacks.focusFirstElement\"\n\t\t\t id=\"modal-1-content\">\n\t\t\t\t\t\t\t\t<ul class=\"wp-block-navigation__container is-responsive items-justified-center no-wrap alignfull wp-block-navigation\"><li class=\" wp-block-navigation-item wp-block-navigation-link\"><a class=\"wp-block-navigation-item__content\"  href=\"https:\/\/wirtschaftsingenieurwesen.de\/willkommen-auf-http-wirtschaftsingenieurwesen-de\/?page_id=1018\"><span class=\"wp-block-navigation-item__label\">Board<\/span><\/a><\/li><li class=\" wp-block-navigation-item wp-block-navigation-link\"><a class=\"wp-block-navigation-item__content\"  href=\"https:\/\/wirtschaftsingenieurwesen.de\/willkommen-auf-http-wirtschaftsingenieurwesen-de\/?page_id=1229\"><span class=\"wp-block-navigation-item__label\">Mission<\/span><\/a><\/li><li data-wp-context=\"{ &quot;submenuOpenedBy&quot;: { &quot;click&quot;: false, &quot;hover&quot;: false, &quot;focus&quot;: false }, &quot;type&quot;: &quot;submenu&quot;, &quot;modal&quot;: null, &quot;previousFocus&quot;: null }\" data-wp-interactive=\"core\/navigation\" data-wp-on--focusout=\"actions.handleMenuFocusout\" data-wp-on--keydown=\"actions.handleMenuKeydown\" data-wp-on--mouseenter=\"actions.openMenuOnHover\" data-wp-on--mouseleave=\"actions.closeMenuOnHover\" data-wp-watch=\"callbacks.initMenu\" tabindex=\"-1\" class=\"wp-block-navigation-item has-child open-on-hover-click wp-block-navigation-submenu\"><a class=\"wp-block-navigation-item__content\" href=\"https:\/\/wirtschaftsingenieurwesen.de\/willkommen-auf-http-wirtschaftsingenieurwesen-de\/?page_id=1008\"><span class=\"wp-block-navigation-item__label\">Working groups<\/span><\/a><button data-wp-bind--aria-expanded=\"state.isMenuOpen\" data-wp-on--click=\"actions.toggleMenuOnClick\" aria-label=\"Untermen\u00fc von Working groups\" class=\"wp-block-navigation__submenu-icon wp-block-navigation-submenu__toggle\" ><svg xmlns=\"http:\/\/www.w3.org\/2000\/svg\" width=\"12\" height=\"12\" viewBox=\"0 0 12 12\" fill=\"none\" aria-hidden=\"true\" focusable=\"false\"><path d=\"M1.50002 4L6.00002 8L10.5 4\" stroke-width=\"1.5\"><\/path><\/svg><\/button><ul data-wp-on--focus=\"actions.openMenuOnFocus\" class=\"wp-block-navigation__submenu-container wp-block-navigation-submenu\"><li class=\" wp-block-navigation-item wp-block-navigation-link\"><a class=\"wp-block-navigation-item__content\"  href=\"https:\/\/wirtschaftsingenieurwesen.de\/willkommen-auf-http-wirtschaftsingenieurwesen-de\/?page_id=1392\"><span class=\"wp-block-navigation-item__label\">Speaker<\/span><\/a><\/li><\/ul><\/li><li class=\" wp-block-navigation-item wp-block-navigation-link\"><a class=\"wp-block-navigation-item__content\"  href=\"https:\/\/wirtschaftsingenieurwesen.de\/willkommen-auf-http-wirtschaftsingenieurwesen-de\/?page_id=1169\"><span class=\"wp-block-navigation-item__label\">Members<\/span><\/a><\/li><li class=\" wp-block-navigation-item wp-block-navigation-link\"><a class=\"wp-block-navigation-item__content\"  href=\"https:\/\/wirtschaftsingenieurwesen.de\/willkommen-auf-http-wirtschaftsingenieurwesen-de\/?page_id=1128\"><span class=\"wp-block-navigation-item__label\">Qualifications Framework<\/span><\/a><\/li><li class=\" wp-block-navigation-item wp-block-navigation-link\"><a class=\"wp-block-navigation-item__content\"  href=\"https:\/\/wirtschaftsingenieurwesen.de\/willkommen-auf-http-wirtschaftsingenieurwesen-de\/?page_id=1055\"><span class=\"wp-block-navigation-item__label\">Contact<\/span><\/a><\/li><li class=\" wp-block-navigation-item wp-block-navigation-link\"><a class=\"wp-block-navigation-item__content\"  href=\"https:\/\/wirtschaftsingenieurwesen.de\/\"><span class=\"wp-block-navigation-item__label\">DE<\/span><\/a><\/li><\/ul>\n\t\t\t\t\t\t\t<\/div>\n\t\t\t\t\t\t<\/div>\n\t\t\t\t\t<\/div>\n\t\t\t\t<\/div><\/nav><\/div>\n\n\n\n<div style=\"height:1px\" aria-hidden=\"true\" class=\"wp-block-spacer\"><\/div>\n\n\n\n<h1 class=\"wp-block-heading has-text-color\" style=\"color:#ff7f00\">Imprint<\/h1>\n\n\n\n<p>FFBT Wirtschaftsingenieurwesen e.V.<br>Prof. Uwe Dittmann<br>Tiefenbronner Str. 66<br>75175 Pforzheim<br>Germany<br><\/p>\n\n\n\n<p><mark style=\"background-color:#fef7ac\" class=\"has-inline-color\">E-Mail: uwe.dittmann@hs-pforzheim.de<\/mark><\/p>\n\n\n\n<p>Trotz sorgf\u00e4ltiger inhaltlicher Kontrolle \u00fcbernehmen wir keine Haftung f\u00fcr die Inhalte externer Links. F\u00fcr den Inhalt der verlinkten Seiten sind ausschlie\u00dflich deren Betreiber verantwortlich. Alle hier verwendeten Namen, Begriffe, Zeichen und Grafiken k\u00f6nnen Marken- oder Warenzeichen im Besitze ihrer rechtlichen Eigent\u00fcmer sein. Die Rechte aller erw\u00e4hnten und benutzten Marken- und Warenzeichen liegen ausschlie\u00dflich bei deren Besitzern.<\/p>\n\n\n\n<hr class=\"wp-block-separator has-text-color has-foreground-color has-alpha-channel-opacity has-foreground-background-color has-background\"\/>\n\n\n\n<div style=\"height:10px\" aria-hidden=\"true\" class=\"wp-block-spacer\"><\/div>\n\n\n\n<div class=\"wp-block-group has-global-padding is-layout-constrained wp-block-group-is-layout-constrained\"><nav class=\"wp-block-navigation is-layout-flex wp-block-navigation-is-layout-flex\" aria-label=\"Navigation 5\"><ul class=\"wp-block-navigation__container  wp-block-navigation\"><li class=\" wp-block-navigation-item wp-block-navigation-link\"><a class=\"wp-block-navigation-item__content\"  href=\"https:\/\/wirtschaftsingenieurwesen.de\/willkommen-auf-http-wirtschaftsingenieurwesen-de\/?page_id=72\"><span class=\"wp-block-navigation-item__label\">Impressum<\/span><\/a><\/li><li class=\" wp-block-navigation-item wp-block-navigation-link\"><a class=\"wp-block-navigation-item__content\"  href=\"https:\/\/wirtschaftsingenieurwesen.de\/willkommen-auf-http-wirtschaftsingenieurwesen-de\/?page_id=531\"><span class=\"wp-block-navigation-item__label\">Kontakt<\/span><\/a><\/li><li class=\" wp-block-navigation-item wp-block-navigation-link\"><a class=\"wp-block-navigation-item__content\"  href=\"https:\/\/wirtschaftsingenieurwesen.de\/willkommen-auf-http-wirtschaftsingenieurwesen-de\/?page_id=199&#038;lang=en\"><span class=\"wp-block-navigation-item__label\">Datenschutz<\/span><\/a><\/li><\/ul><\/nav>\n\n<p class=\"wp-block-site-tagline\">Fakult\u00e4ten- und Fachbereichstag Wirtschaftsingenieurwesen e.V.<\/p><\/div>\n","protected":false},"excerpt":{"rendered":"<p>Imprint FFBT Wirtschaftsingenieurwesen e.V.Prof. Uwe DittmannTiefenbronner Str. 6675175 PforzheimGermany E-Mail: uwe.dittmann@hs-pforzheim.de Trotz sorgf\u00e4ltiger inhaltlicher Kontrolle \u00fcbernehmen wir keine Haftung f\u00fcr die Inhalte [&hellip;]<\/p>\n","protected":false},"author":1,"featured_media":0,"parent":0,"menu_order":0,"comment_status":"closed","ping_status":"closed","template":"template-blank","meta":{"footnotes":""},"class_list":["post-1073","page","type-page","status-publish","hentry"],"_links":{"self":[{"href":"https:\/\/wirtschaftsingenieurwesen.de\/ffbtwi\/wp-json\/wp\/v2\/pages\/1073","targetHints":{"allow":["GET"]}}],"collection":[{"href":"https:\/\/wirtschaftsingenieurwesen.de\/ffbtwi\/wp-json\/wp\/v2\/pages"}],"about":[{"href":"https:\/\/wirtschaftsingenieurwesen.de\/ffbtwi\/wp-json\/wp\/v2\/types\/page"}],"author":[{"embeddable":true,"href":"https:\/\/wirtschaftsingenieurwesen.de\/ffbtwi\/wp-json\/wp\/v2\/users\/1"}],"replies":[{"embeddable":true,"href":"https:\/\/wirtschaftsingenieurwesen.de\/ffbtwi\/wp-json\/wp\/v2\/comments?post=1073"}],"version-history":[{"count":5,"href":"https:\/\/wirtschaftsingenieurwesen.de\/ffbtwi\/wp-json\/wp\/v2\/pages\/1073\/revisions"}],"predecessor-version":[{"id":1648,"href":"https:\/\/wirtschaftsingenieurwesen.de\/ffbtwi\/wp-json\/wp\/v2\/pages\/1073\/revisions\/1648"}],"wp:attachment":[{"href":"https:\/\/wirtschaftsingenieurwesen.de\/ffbtwi\/wp-json\/wp\/v2\/media?parent=1073"}],"curies":[{"name":"wp","href":"https:\/\/api.w.org\/{rel}","templated":true}]}}